{"id":27846,"date":"2025-08-13T19:52:52","date_gmt":"2025-08-13T19:52:52","guid":{"rendered":"https:\/\/vincpazar.com\/?post_type=product&#038;p=27846"},"modified":"2025-08-13T19:52:53","modified_gmt":"2025-08-13T19:52:53","slug":"doner-arabali-vinc-sistemleri","status":"publish","type":"product","link":"https:\/\/vincpazar.com\/?product=doner-arabali-vinc-sistemleri","title":{"rendered":"D\u00f6ner Arabal\u0131 Vin\u00e7 Sistemleri"},"content":{"rendered":"","protected":false},"excerpt":{"rendered":"","protected":false},"featured_media":27848,"comment_status":"open","ping_status":"closed","template":"","meta":[],"product_brand":[],"product_cat":[20],"product_tag":[],"class_list":{"0":"post-27846","1":"product","2":"type-product","3":"status-publish","4":"has-post-thumbnail","6":"product_cat-vinc-sistemleri","8":"first","9":"instock","10":"taxable","11":"shipping-taxable","12":"product-type-simple"},"_links":{"self":[{"href":"https:\/\/vincpazar.com\/index.php?rest_route=\/wp\/v2\/product\/27846","targetHints":{"allow":["GET"]}}],"collection":[{"href":"https:\/\/vincpazar.com\/index.php?rest_route=\/wp\/v2\/product"}],"about":[{"href":"https:\/\/vincpazar.com\/index.php?rest_route=\/wp\/v2\/types\/product"}],"replies":[{"embeddable":true,"href":"https:\/\/vincpazar.com\/index.php?rest_route=%2Fwp%2Fv2%2Fcomments&post=27846"}],"version-history":[{"count":1,"href":"https:\/\/vincpazar.com\/index.php?rest_route=\/wp\/v2\/product\/27846\/revisions"}],"predecessor-version":[{"id":27851,"href":"https:\/\/vincpazar.com\/index.php?rest_route=\/wp\/v2\/product\/27846\/revisions\/27851"}],"wp:featuredmedia":[{"embeddable":true,"href":"https:\/\/vincpazar.com\/index.php?rest_route=\/wp\/v2\/media\/27848"}],"wp:attachment":[{"href":"https:\/\/vincpazar.com\/index.php?rest_route=%2Fwp%2Fv2%2Fmedia&parent=27846"}],"wp:term":[{"taxonomy":"product_brand","embeddable":true,"href":"https:\/\/vincpazar.com\/index.php?rest_route=%2Fwp%2Fv2%2Fproduct_brand&post=27846"},{"taxonomy":"product_cat","embeddable":true,"href":"https:\/\/vincpazar.com\/index.php?rest_route=%2Fwp%2Fv2%2Fproduct_cat&post=27846"},{"taxonomy":"product_tag","embeddable":true,"href":"https:\/\/vincpazar.com\/index.php?rest_route=%2Fwp%2Fv2%2Fproduct_tag&post=27846"}],"curies":[{"name":"wp","href":"https:\/\/api.w.org\/{rel}","templated":true}]}}