{"id":27768,"date":"2025-01-22T06:57:25","date_gmt":"2025-01-22T06:57:25","guid":{"rendered":"https:\/\/vincpazar.com\/?product=omron-marka-vinc-carpisma-sensoru"},"modified":"2026-04-15T09:55:50","modified_gmt":"2026-04-15T09:55:50","slug":"omron-marka-vinc-carpisma-sensoru","status":"publish","type":"product","link":"https:\/\/vincpazar.com\/?product=omron-marka-vinc-carpisma-sensoru","title":{"rendered":"Omron Marka Vin\u00e7 Carp\u0131\u015fma Sens\u00f6r\u00fc"},"content":{"rendered":"","protected":false},"excerpt":{"rendered":"<p>Omron Marka Vin\u00e7 Carp\u0131\u015fma Sens\u00f6r\u00fc<\/p>\n","protected":false},"featured_media":27766,"comment_status":"open","ping_status":"closed","template":"","meta":[],"product_brand":[],"product_cat":[20],"product_tag":[],"class_list":{"0":"post-27768","1":"product","2":"type-product","3":"status-publish","4":"has-post-thumbnail","6":"product_cat-vinc-sistemleri","8":"first","9":"instock","10":"taxable","11":"shipping-taxable","12":"product-type-external"},"_links":{"self":[{"href":"https:\/\/vincpazar.com\/index.php?rest_route=\/wp\/v2\/product\/27768","targetHints":{"allow":["GET"]}}],"collection":[{"href":"https:\/\/vincpazar.com\/index.php?rest_route=\/wp\/v2\/product"}],"about":[{"href":"https:\/\/vincpazar.com\/index.php?rest_route=\/wp\/v2\/types\/product"}],"replies":[{"embeddable":true,"href":"https:\/\/vincpazar.com\/index.php?rest_route=%2Fwp%2Fv2%2Fcomments&post=27768"}],"version-history":[{"count":0,"href":"https:\/\/vincpazar.com\/index.php?rest_route=\/wp\/v2\/product\/27768\/revisions"}],"wp:featuredmedia":[{"embeddable":true,"href":"https:\/\/vincpazar.com\/index.php?rest_route=\/wp\/v2\/media\/27766"}],"wp:attachment":[{"href":"https:\/\/vincpazar.com\/index.php?rest_route=%2Fwp%2Fv2%2Fmedia&parent=27768"}],"wp:term":[{"taxonomy":"product_brand","embeddable":true,"href":"https:\/\/vincpazar.com\/index.php?rest_route=%2Fwp%2Fv2%2Fproduct_brand&post=27768"},{"taxonomy":"product_cat","embeddable":true,"href":"https:\/\/vincpazar.com\/index.php?rest_route=%2Fwp%2Fv2%2Fproduct_cat&post=27768"},{"taxonomy":"product_tag","embeddable":true,"href":"https:\/\/vincpazar.com\/index.php?rest_route=%2Fwp%2Fv2%2Fproduct_tag&post=27768"}],"curies":[{"name":"wp","href":"https:\/\/api.w.org\/{rel}","templated":true}]}}