{"id":27763,"date":"2025-01-22T06:57:11","date_gmt":"2025-01-22T06:57:11","guid":{"rendered":"https:\/\/vincpazar.com\/?product=vinc-ikaz-sireni-sesli-ve-isikli-220-volt-ikaz-lambasi"},"modified":"2026-04-21T03:33:03","modified_gmt":"2026-04-21T03:33:03","slug":"vinc-ikaz-sireni-sesli-ve-isikli-220-volt-ikaz-lambasi","status":"publish","type":"product","link":"https:\/\/vincpazar.com\/?product=vinc-ikaz-sireni-sesli-ve-isikli-220-volt-ikaz-lambasi","title":{"rendered":"Vin\u00e7 \u0130kaz Sireni Sesli ve I\u015f\u0131kl\u0131 220 Volt, \u0130kaz Lambas\u0131"},"content":{"rendered":"","protected":false},"excerpt":{"rendered":"<p>Vin\u00e7 \u0130kaz Sireni Sesli ve I\u015f\u0131kl\u0131 220 Volt, \u0130kaz Lambas\u0131<\/p>\n","protected":false},"featured_media":27760,"comment_status":"open","ping_status":"closed","template":"","meta":[],"product_brand":[],"product_cat":[20],"product_tag":[],"class_list":{"0":"post-27763","1":"product","2":"type-product","3":"status-publish","4":"has-post-thumbnail","6":"product_cat-vinc-sistemleri","8":"first","9":"instock","10":"taxable","11":"shipping-taxable","12":"product-type-external"},"_links":{"self":[{"href":"https:\/\/vincpazar.com\/index.php?rest_route=\/wp\/v2\/product\/27763","targetHints":{"allow":["GET"]}}],"collection":[{"href":"https:\/\/vincpazar.com\/index.php?rest_route=\/wp\/v2\/product"}],"about":[{"href":"https:\/\/vincpazar.com\/index.php?rest_route=\/wp\/v2\/types\/product"}],"replies":[{"embeddable":true,"href":"https:\/\/vincpazar.com\/index.php?rest_route=%2Fwp%2Fv2%2Fcomments&post=27763"}],"version-history":[{"count":0,"href":"https:\/\/vincpazar.com\/index.php?rest_route=\/wp\/v2\/product\/27763\/revisions"}],"wp:featuredmedia":[{"embeddable":true,"href":"https:\/\/vincpazar.com\/index.php?rest_route=\/wp\/v2\/media\/27760"}],"wp:attachment":[{"href":"https:\/\/vincpazar.com\/index.php?rest_route=%2Fwp%2Fv2%2Fmedia&parent=27763"}],"wp:term":[{"taxonomy":"product_brand","embeddable":true,"href":"https:\/\/vincpazar.com\/index.php?rest_route=%2Fwp%2Fv2%2Fproduct_brand&post=27763"},{"taxonomy":"product_cat","embeddable":true,"href":"https:\/\/vincpazar.com\/index.php?rest_route=%2Fwp%2Fv2%2Fproduct_cat&post=27763"},{"taxonomy":"product_tag","embeddable":true,"href":"https:\/\/vincpazar.com\/index.php?rest_route=%2Fwp%2Fv2%2Fproduct_tag&post=27763"}],"curies":[{"name":"wp","href":"https:\/\/api.w.org\/{rel}","templated":true}]}}