{"id":27747,"date":"2025-01-22T06:56:13","date_gmt":"2025-01-22T06:56:13","guid":{"rendered":"https:\/\/vincpazar.com\/?product=acik-bara-50-amper"},"modified":"2026-04-15T03:56:51","modified_gmt":"2026-04-15T03:56:51","slug":"acik-bara-50-amper","status":"publish","type":"product","link":"https:\/\/vincpazar.com\/?product=acik-bara-50-amper","title":{"rendered":"A\u00e7\u0131k Bara 50 Amper"},"content":{"rendered":"","protected":false},"excerpt":{"rendered":"<p>A\u00e7\u0131k Bara 50 Amper<\/p>\n","protected":false},"featured_media":27745,"comment_status":"open","ping_status":"closed","template":"","meta":[],"product_brand":[],"product_cat":[20],"product_tag":[],"class_list":{"0":"post-27747","1":"product","2":"type-product","3":"status-publish","4":"has-post-thumbnail","6":"product_cat-vinc-sistemleri","8":"first","9":"instock","10":"taxable","11":"shipping-taxable","12":"product-type-external"},"_links":{"self":[{"href":"https:\/\/vincpazar.com\/index.php?rest_route=\/wp\/v2\/product\/27747","targetHints":{"allow":["GET"]}}],"collection":[{"href":"https:\/\/vincpazar.com\/index.php?rest_route=\/wp\/v2\/product"}],"about":[{"href":"https:\/\/vincpazar.com\/index.php?rest_route=\/wp\/v2\/types\/product"}],"replies":[{"embeddable":true,"href":"https:\/\/vincpazar.com\/index.php?rest_route=%2Fwp%2Fv2%2Fcomments&post=27747"}],"version-history":[{"count":0,"href":"https:\/\/vincpazar.com\/index.php?rest_route=\/wp\/v2\/product\/27747\/revisions"}],"wp:featuredmedia":[{"embeddable":true,"href":"https:\/\/vincpazar.com\/index.php?rest_route=\/wp\/v2\/media\/27745"}],"wp:attachment":[{"href":"https:\/\/vincpazar.com\/index.php?rest_route=%2Fwp%2Fv2%2Fmedia&parent=27747"}],"wp:term":[{"taxonomy":"product_brand","embeddable":true,"href":"https:\/\/vincpazar.com\/index.php?rest_route=%2Fwp%2Fv2%2Fproduct_brand&post=27747"},{"taxonomy":"product_cat","embeddable":true,"href":"https:\/\/vincpazar.com\/index.php?rest_route=%2Fwp%2Fv2%2Fproduct_cat&post=27747"},{"taxonomy":"product_tag","embeddable":true,"href":"https:\/\/vincpazar.com\/index.php?rest_route=%2Fwp%2Fv2%2Fproduct_tag&post=27747"}],"curies":[{"name":"wp","href":"https:\/\/api.w.org\/{rel}","templated":true}]}}